{"id":48,"date":"2025-03-21T18:47:33","date_gmt":"2025-03-21T18:47:33","guid":{"rendered":"https:\/\/dodgerblue-ape-993544.hostingersite.com\/?page_id=48"},"modified":"2025-05-12T13:37:01","modified_gmt":"2025-05-12T13:37:01","slug":"transparencia","status":"publish","type":"page","link":"https:\/\/taldeka.org\/eu\/transparencia","title":{"rendered":"Gardentasuna"},"content":{"rendered":"<div data-elementor-type=\"wp-page\" data-elementor-id=\"48\" class=\"elementor elementor-48\" data-elementor-post-type=\"page\">\n\t\t\t\t<div class=\"elementor-element elementor-element-c7d6c1a e-con-full e-flex e-con e-child\" data-id=\"c7d6c1a\" data-element_type=\"container\" data-e-type=\"container\" data-settings=\"{&quot;background_background&quot;:&quot;classic&quot;}\">\n\t\t<div class=\"elementor-element elementor-element-97ee060 e-con-full e-flex e-con e-child\" data-id=\"97ee060\" data-element_type=\"container\" data-e-type=\"container\">\n\t\t\t\t<div class=\"elementor-element elementor-element-9845799 elementor-widget elementor-widget-heading\" data-id=\"9845799\" data-element_type=\"widget\" data-e-type=\"widget\" data-widget_type=\"heading.default\">\n\t\t\t\t<div class=\"elementor-widget-container\">\n\t\t\t\t\t<h1 class=\"elementor-heading-title elementor-size-default\"><a href=\"https:\/\/taldeka.org\/eu\/transparencia\">Gardentasuna<\/a><\/h1>\t\t\t\t<\/div>\n\t\t\t\t<\/div>\n\t\t\t\t<div class=\"elementor-element elementor-element-7c3d60e elementor-widget__width-initial elementor-widget-tablet__width-inherit elementor-widget elementor-widget-heading\" data-id=\"7c3d60e\" data-element_type=\"widget\" data-e-type=\"widget\" data-widget_type=\"heading.default\">\n\t\t\t\t<div class=\"elementor-widget-container\">\n\t\t\t\t\t<p class=\"elementor-heading-title elementor-size-default\">Taldeka Lagunduz taldeak kuoten eta dohaintzen ondoriozko proiektuen eta diru-sarreren kudeaketa-txostena ematen du idatziz, bere Asanbladatan eta web-orrian, bazkide eta laguntzaileentzako gardentasun-ariketa gisa.<\/p>\t\t\t\t<\/div>\n\t\t\t\t<\/div>\n\t\t\t\t<\/div>\n\t\t\t\t<\/div>\n\t\t<div class=\"elementor-element elementor-element-00d07c8 e-con-full e-flex e-con e-parent\" data-id=\"00d07c8\" data-element_type=\"container\" data-e-type=\"container\" data-settings=\"{&quot;background_background&quot;:&quot;classic&quot;}\">\n\t\t<div class=\"elementor-element elementor-element-818aa26 e-con-full e-flex e-con e-child\" data-id=\"818aa26\" data-element_type=\"container\" data-e-type=\"container\">\n\t\t\t\t<div class=\"elementor-element elementor-element-68a2a11 elementor-icon-list--layout-traditional elementor-list-item-link-full_width elementor-widget elementor-widget-icon-list\" data-id=\"68a2a11\" data-element_type=\"widget\" data-e-type=\"widget\" data-widget_type=\"icon-list.default\">\n\t\t\t\t<div class=\"elementor-widget-container\">\n\t\t\t\t\t\t\t<ul class=\"elementor-icon-list-items\">\n\t\t\t\t\t\t\t<li class=\"elementor-icon-list-item\">\n\t\t\t\t\t\t\t\t\t\t\t<a href=\"https:\/\/taldeka.org\/wp-content\/uploads\/2025\/04\/Memoria-Economica-Taldeka-2024.docx\">\n\n\t\t\t\t\t\t\t\t\t\t\t\t<span class=\"elementor-icon-list-icon\">\n\t\t\t\t\t\t\t<svg aria-hidden=\"true\" class=\"e-font-icon-svg e-far-file-pdf\" viewbox=\"0 0 384 512\" xmlns=\"http:\/\/www.w3.org\/2000\/svg\"><path d=\"M369.9 97.9L286 14C277 5 264.8-.1 252.1-.1H48C21.5 0 0 21.5 0 48v416c0 26.5 21.5 48 48 48h288c26.5 0 48-21.5 48-48V131.9c0-12.7-5.1-25-14.1-34zM332.1 128H256V51.9l76.1 76.1zM48 464V48h160v104c0 13.3 10.7 24 24 24h104v288H48zm250.2-143.7c-12.2-12-47-8.7-64.4-6.5-17.2-10.5-28.7-25-36.8-46.3 3.9-16.1 10.1-40.6 5.4-56-4.2-26.2-37.8-23.6-42.6-5.9-4.4 16.1-.4 38.5 7 67.1-10 23.9-24.9 56-35.4 74.4-20 10.3-47 26.2-51 46.2-3.3 15.8 26 55.2 76.1-31.2 22.4-7.4 46.8-16.5 68.4-20.1 18.9 10.2 41 17 55.8 17 25.5 0 28-28.2 17.5-38.7zm-198.1 77.8c5.1-13.7 24.5-29.5 30.4-35-19 30.3-30.4 35.7-30.4 35zm81.6-190.6c7.4 0 6.7 32.1 1.8 40.8-4.4-13.9-4.3-40.8-1.8-40.8zm-24.4 136.6c9.7-16.9 18-37 24.7-54.7 8.3 15.1 18.9 27.2 30.1 35.5-20.8 4.3-38.9 13.1-54.8 19.2zm131.6-5s-5 6-37.3-7.8c35.1-2.6 40.9 5.4 37.3 7.8z\"><\/path><\/svg>\t\t\t\t\t\t<\/span>\n\t\t\t\t\t\t\t\t\t\t<span class=\"elementor-icon-list-text\">2024ko Taldekaren memoria ekonomikoa<\/span>\n\t\t\t\t\t\t\t\t\t\t\t<\/a>\n\t\t\t\t\t\t\t\t\t<\/li>\n\t\t\t\t\t\t\t\t<li class=\"elementor-icon-list-item\">\n\t\t\t\t\t\t\t\t\t\t\t<a href=\"https:\/\/taldeka.org\/wp-content\/uploads\/2025\/04\/Mem_Proyecto-de-Salud_2023_cast.pdf\">\n\n\t\t\t\t\t\t\t\t\t\t\t\t<span class=\"elementor-icon-list-icon\">\n\t\t\t\t\t\t\t<svg aria-hidden=\"true\" class=\"e-font-icon-svg e-far-file-pdf\" viewbox=\"0 0 384 512\" xmlns=\"http:\/\/www.w3.org\/2000\/svg\"><path d=\"M369.9 97.9L286 14C277 5 264.8-.1 252.1-.1H48C21.5 0 0 21.5 0 48v416c0 26.5 21.5 48 48 48h288c26.5 0 48-21.5 48-48V131.9c0-12.7-5.1-25-14.1-34zM332.1 128H256V51.9l76.1 76.1zM48 464V48h160v104c0 13.3 10.7 24 24 24h104v288H48zm250.2-143.7c-12.2-12-47-8.7-64.4-6.5-17.2-10.5-28.7-25-36.8-46.3 3.9-16.1 10.1-40.6 5.4-56-4.2-26.2-37.8-23.6-42.6-5.9-4.4 16.1-.4 38.5 7 67.1-10 23.9-24.9 56-35.4 74.4-20 10.3-47 26.2-51 46.2-3.3 15.8 26 55.2 76.1-31.2 22.4-7.4 46.8-16.5 68.4-20.1 18.9 10.2 41 17 55.8 17 25.5 0 28-28.2 17.5-38.7zm-198.1 77.8c5.1-13.7 24.5-29.5 30.4-35-19 30.3-30.4 35.7-30.4 35zm81.6-190.6c7.4 0 6.7 32.1 1.8 40.8-4.4-13.9-4.3-40.8-1.8-40.8zm-24.4 136.6c9.7-16.9 18-37 24.7-54.7 8.3 15.1 18.9 27.2 30.1 35.5-20.8 4.3-38.9 13.1-54.8 19.2zm131.6-5s-5 6-37.3-7.8c35.1-2.6 40.9 5.4 37.3 7.8z\"><\/path><\/svg>\t\t\t\t\t\t<\/span>\n\t\t\t\t\t\t\t\t\t\t<span class=\"elementor-icon-list-text\">2023ko Osasun Proiektuaren memoria<\/span>\n\t\t\t\t\t\t\t\t\t\t\t<\/a>\n\t\t\t\t\t\t\t\t\t<\/li>\n\t\t\t\t\t\t\t\t<li class=\"elementor-icon-list-item\">\n\t\t\t\t\t\t\t\t\t\t\t<a href=\"https:\/\/taldeka.org\/wp-content\/uploads\/2025\/04\/Memoria-Hosteles-2023-2024_cast.docx\">\n\n\t\t\t\t\t\t\t\t\t\t\t\t<span class=\"elementor-icon-list-icon\">\n\t\t\t\t\t\t\t<svg aria-hidden=\"true\" class=\"e-font-icon-svg e-far-file-pdf\" viewbox=\"0 0 384 512\" xmlns=\"http:\/\/www.w3.org\/2000\/svg\"><path d=\"M369.9 97.9L286 14C277 5 264.8-.1 252.1-.1H48C21.5 0 0 21.5 0 48v416c0 26.5 21.5 48 48 48h288c26.5 0 48-21.5 48-48V131.9c0-12.7-5.1-25-14.1-34zM332.1 128H256V51.9l76.1 76.1zM48 464V48h160v104c0 13.3 10.7 24 24 24h104v288H48zm250.2-143.7c-12.2-12-47-8.7-64.4-6.5-17.2-10.5-28.7-25-36.8-46.3 3.9-16.1 10.1-40.6 5.4-56-4.2-26.2-37.8-23.6-42.6-5.9-4.4 16.1-.4 38.5 7 67.1-10 23.9-24.9 56-35.4 74.4-20 10.3-47 26.2-51 46.2-3.3 15.8 26 55.2 76.1-31.2 22.4-7.4 46.8-16.5 68.4-20.1 18.9 10.2 41 17 55.8 17 25.5 0 28-28.2 17.5-38.7zm-198.1 77.8c5.1-13.7 24.5-29.5 30.4-35-19 30.3-30.4 35.7-30.4 35zm81.6-190.6c7.4 0 6.7 32.1 1.8 40.8-4.4-13.9-4.3-40.8-1.8-40.8zm-24.4 136.6c9.7-16.9 18-37 24.7-54.7 8.3 15.1 18.9 27.2 30.1 35.5-20.8 4.3-38.9 13.1-54.8 19.2zm131.6-5s-5 6-37.3-7.8c35.1-2.6 40.9 5.4 37.3 7.8z\"><\/path><\/svg>\t\t\t\t\t\t<\/span>\n\t\t\t\t\t\t\t\t\t\t<span class=\"elementor-icon-list-text\">2023\/2024ko Hostelen memoria<\/span>\n\t\t\t\t\t\t\t\t\t\t\t<\/a>\n\t\t\t\t\t\t\t\t\t<\/li>\n\t\t\t\t\t\t\t\t<li class=\"elementor-icon-list-item\">\n\t\t\t\t\t\t\t\t\t\t\t<a href=\"https:\/\/taldeka.org\/wp-content\/uploads\/2025\/04\/SINTESIS-PLAN-ESTRATEGICO.doc\">\n\n\t\t\t\t\t\t\t\t\t\t\t\t<span class=\"elementor-icon-list-icon\">\n\t\t\t\t\t\t\t<svg aria-hidden=\"true\" class=\"e-font-icon-svg e-far-file-pdf\" viewbox=\"0 0 384 512\" xmlns=\"http:\/\/www.w3.org\/2000\/svg\"><path d=\"M369.9 97.9L286 14C277 5 264.8-.1 252.1-.1H48C21.5 0 0 21.5 0 48v416c0 26.5 21.5 48 48 48h288c26.5 0 48-21.5 48-48V131.9c0-12.7-5.1-25-14.1-34zM332.1 128H256V51.9l76.1 76.1zM48 464V48h160v104c0 13.3 10.7 24 24 24h104v288H48zm250.2-143.7c-12.2-12-47-8.7-64.4-6.5-17.2-10.5-28.7-25-36.8-46.3 3.9-16.1 10.1-40.6 5.4-56-4.2-26.2-37.8-23.6-42.6-5.9-4.4 16.1-.4 38.5 7 67.1-10 23.9-24.9 56-35.4 74.4-20 10.3-47 26.2-51 46.2-3.3 15.8 26 55.2 76.1-31.2 22.4-7.4 46.8-16.5 68.4-20.1 18.9 10.2 41 17 55.8 17 25.5 0 28-28.2 17.5-38.7zm-198.1 77.8c5.1-13.7 24.5-29.5 30.4-35-19 30.3-30.4 35.7-30.4 35zm81.6-190.6c7.4 0 6.7 32.1 1.8 40.8-4.4-13.9-4.3-40.8-1.8-40.8zm-24.4 136.6c9.7-16.9 18-37 24.7-54.7 8.3 15.1 18.9 27.2 30.1 35.5-20.8 4.3-38.9 13.1-54.8 19.2zm131.6-5s-5 6-37.3-7.8c35.1-2.6 40.9 5.4 37.3 7.8z\"><\/path><\/svg>\t\t\t\t\t\t<\/span>\n\t\t\t\t\t\t\t\t\t\t<span class=\"elementor-icon-list-text\">Plan estrategikoaren laburpena<\/span>\n\t\t\t\t\t\t\t\t\t\t\t<\/a>\n\t\t\t\t\t\t\t\t\t<\/li>\n\t\t\t\t\t\t<\/ul>\n\t\t\t\t\t\t<\/div>\n\t\t\t\t<\/div>\n\t\t\t\t<\/div>\n\t\t\t\t<\/div>\n\t\t\t\t<\/div>","protected":false},"excerpt":{"rendered":"<p>Transparencia Taldeka Lagunduz proporciona el Informe de gesti\u00f3n de proyectos e Ingresos por cuotas y donaciones por escrito en sus Asambleas y p\u00e1gina Web como ejercicio de transparencia para sus socios, colaboradores. Memoria Econ\u00f3mica Taldeka 2024 Memoria Proyecto de Salud 2023 Memoria Hosteles 2023\/2024 S\u00edntesis plan estrat\u00e9gico<\/p>","protected":false},"author":4,"featured_media":0,"parent":0,"menu_order":0,"comment_status":"closed","ping_status":"closed","template":"elementor_header_footer","meta":{"footnotes":""},"class_list":["post-48","page","type-page","status-publish","hentry"],"yoast_head":"<!-- This site is optimized with the Yoast SEO plugin v27.5 - https:\/\/yoast.com\/product\/yoast-seo-wordpress\/ -->\n<title>Transparencia - Taldeka Lagunduz<\/title>\n<meta name=\"robots\" content=\"index, follow, max-snippet:-1, max-image-preview:large, max-video-preview:-1\" \/>\n<link rel=\"canonical\" href=\"https:\/\/taldeka.org\/eu\/transparencia\/\" \/>\n<meta property=\"og:locale\" content=\"en_US\" \/>\n<meta property=\"og:type\" content=\"article\" \/>\n<meta property=\"og:title\" content=\"Transparencia - Taldeka Lagunduz\" \/>\n<meta property=\"og:description\" content=\"Transparencia Taldeka Lagunduz proporciona el Informe de gesti\u00f3n de proyectos e Ingresos por cuotas y donaciones por escrito en sus Asambleas y p\u00e1gina Web como ejercicio de transparencia para sus socios, colaboradores. Memoria Econ\u00f3mica Taldeka 2024 Memoria Proyecto de Salud 2023 Memoria Hosteles 2023\/2024 S\u00edntesis plan estrat\u00e9gico\" \/>\n<meta property=\"og:url\" content=\"https:\/\/taldeka.org\/eu\/transparencia\/\" \/>\n<meta property=\"og:site_name\" content=\"Taldeka Lagunduz\" \/>\n<meta property=\"article:modified_time\" content=\"2025-05-12T13:37:01+00:00\" \/>\n<meta name=\"twitter:card\" content=\"summary_large_image\" \/>\n<script type=\"application\/ld+json\" class=\"yoast-schema-graph\">{\"@context\":\"https:\\\/\\\/schema.org\",\"@graph\":[{\"@type\":\"WebPage\",\"@id\":\"https:\\\/\\\/taldeka.org\\\/transparencia\",\"url\":\"https:\\\/\\\/taldeka.org\\\/transparencia\",\"name\":\"Transparencia - Taldeka Lagunduz\",\"isPartOf\":{\"@id\":\"https:\\\/\\\/dodgerblue-ape-993544.hostingersite.com\\\/#website\"},\"datePublished\":\"2025-03-21T18:47:33+00:00\",\"dateModified\":\"2025-05-12T13:37:01+00:00\",\"breadcrumb\":{\"@id\":\"https:\\\/\\\/taldeka.org\\\/transparencia#breadcrumb\"},\"inLanguage\":\"eu\",\"potentialAction\":[{\"@type\":\"ReadAction\",\"target\":[\"https:\\\/\\\/taldeka.org\\\/transparencia\"]}]},{\"@type\":\"BreadcrumbList\",\"@id\":\"https:\\\/\\\/taldeka.org\\\/transparencia#breadcrumb\",\"itemListElement\":[{\"@type\":\"ListItem\",\"position\":1,\"name\":\"Portada\",\"item\":\"https:\\\/\\\/taldeka.org\\\/\"},{\"@type\":\"ListItem\",\"position\":2,\"name\":\"Transparencia\"}]},{\"@type\":\"WebSite\",\"@id\":\"https:\\\/\\\/dodgerblue-ape-993544.hostingersite.com\\\/#website\",\"url\":\"https:\\\/\\\/dodgerblue-ape-993544.hostingersite.com\\\/\",\"name\":\"Taldeka Lagunduz\",\"description\":\"Une fuerzas para apoyar proyectos educativos\",\"publisher\":{\"@id\":\"https:\\\/\\\/dodgerblue-ape-993544.hostingersite.com\\\/#organization\"},\"potentialAction\":[{\"@type\":\"SearchAction\",\"target\":{\"@type\":\"EntryPoint\",\"urlTemplate\":\"https:\\\/\\\/dodgerblue-ape-993544.hostingersite.com\\\/?s={search_term_string}\"},\"query-input\":{\"@type\":\"PropertyValueSpecification\",\"valueRequired\":true,\"valueName\":\"search_term_string\"}}],\"inLanguage\":\"eu\"},{\"@type\":\"Organization\",\"@id\":\"https:\\\/\\\/dodgerblue-ape-993544.hostingersite.com\\\/#organization\",\"name\":\"Taldeka Lagunduz\",\"url\":\"https:\\\/\\\/dodgerblue-ape-993544.hostingersite.com\\\/\",\"logo\":{\"@type\":\"ImageObject\",\"inLanguage\":\"eu\",\"@id\":\"https:\\\/\\\/dodgerblue-ape-993544.hostingersite.com\\\/#\\\/schema\\\/logo\\\/image\\\/\",\"url\":\"https:\\\/\\\/taldeka.org\\\/wp-content\\\/uploads\\\/2025\\\/03\\\/cropped-logo-1.jpg\",\"contentUrl\":\"https:\\\/\\\/taldeka.org\\\/wp-content\\\/uploads\\\/2025\\\/03\\\/cropped-logo-1.jpg\",\"width\":157,\"height\":45,\"caption\":\"Taldeka Lagunduz\"},\"image\":{\"@id\":\"https:\\\/\\\/dodgerblue-ape-993544.hostingersite.com\\\/#\\\/schema\\\/logo\\\/image\\\/\"}}]}<\/script>\n<!-- \/ Yoast SEO plugin. -->","yoast_head_json":{"title":"Transparencia - Taldeka Lagunduz","robots":{"index":"index","follow":"follow","max-snippet":"max-snippet:-1","max-image-preview":"max-image-preview:large","max-video-preview":"max-video-preview:-1"},"canonical":"https:\/\/taldeka.org\/eu\/transparencia\/","og_locale":"en_US","og_type":"article","og_title":"Transparencia - Taldeka Lagunduz","og_description":"Transparencia Taldeka Lagunduz proporciona el Informe de gesti\u00f3n de proyectos e Ingresos por cuotas y donaciones por escrito en sus Asambleas y p\u00e1gina Web como ejercicio de transparencia para sus socios, colaboradores. Memoria Econ\u00f3mica Taldeka 2024 Memoria Proyecto de Salud 2023 Memoria Hosteles 2023\/2024 S\u00edntesis plan estrat\u00e9gico","og_url":"https:\/\/taldeka.org\/eu\/transparencia\/","og_site_name":"Taldeka Lagunduz","article_modified_time":"2025-05-12T13:37:01+00:00","twitter_card":"summary_large_image","schema":{"@context":"https:\/\/schema.org","@graph":[{"@type":"WebPage","@id":"https:\/\/taldeka.org\/transparencia","url":"https:\/\/taldeka.org\/transparencia","name":"Transparencia - Taldeka Lagunduz","isPartOf":{"@id":"https:\/\/dodgerblue-ape-993544.hostingersite.com\/#website"},"datePublished":"2025-03-21T18:47:33+00:00","dateModified":"2025-05-12T13:37:01+00:00","breadcrumb":{"@id":"https:\/\/taldeka.org\/transparencia#breadcrumb"},"inLanguage":"eu","potentialAction":[{"@type":"ReadAction","target":["https:\/\/taldeka.org\/transparencia"]}]},{"@type":"BreadcrumbList","@id":"https:\/\/taldeka.org\/transparencia#breadcrumb","itemListElement":[{"@type":"ListItem","position":1,"name":"Portada","item":"https:\/\/taldeka.org\/"},{"@type":"ListItem","position":2,"name":"Transparencia"}]},{"@type":"WebSite","@id":"https:\/\/dodgerblue-ape-993544.hostingersite.com\/#website","url":"https:\/\/dodgerblue-ape-993544.hostingersite.com\/","name":"Taldeka Lagunduz","description":"Une fuerzas para apoyar proyectos educativos","publisher":{"@id":"https:\/\/dodgerblue-ape-993544.hostingersite.com\/#organization"},"potentialAction":[{"@type":"SearchAction","target":{"@type":"EntryPoint","urlTemplate":"https:\/\/dodgerblue-ape-993544.hostingersite.com\/?s={search_term_string}"},"query-input":{"@type":"PropertyValueSpecification","valueRequired":true,"valueName":"search_term_string"}}],"inLanguage":"eu"},{"@type":"Organization","@id":"https:\/\/dodgerblue-ape-993544.hostingersite.com\/#organization","name":"Taldeka Lagunduz","url":"https:\/\/dodgerblue-ape-993544.hostingersite.com\/","logo":{"@type":"ImageObject","inLanguage":"eu","@id":"https:\/\/dodgerblue-ape-993544.hostingersite.com\/#\/schema\/logo\/image\/","url":"https:\/\/taldeka.org\/wp-content\/uploads\/2025\/03\/cropped-logo-1.jpg","contentUrl":"https:\/\/taldeka.org\/wp-content\/uploads\/2025\/03\/cropped-logo-1.jpg","width":157,"height":45,"caption":"Taldeka Lagunduz"},"image":{"@id":"https:\/\/dodgerblue-ape-993544.hostingersite.com\/#\/schema\/logo\/image\/"}}]}},"_links":{"self":[{"href":"https:\/\/taldeka.org\/eu\/wp-json\/wp\/v2\/pages\/48","targetHints":{"allow":["GET"]}}],"collection":[{"href":"https:\/\/taldeka.org\/eu\/wp-json\/wp\/v2\/pages"}],"about":[{"href":"https:\/\/taldeka.org\/eu\/wp-json\/wp\/v2\/types\/page"}],"author":[{"embeddable":true,"href":"https:\/\/taldeka.org\/eu\/wp-json\/wp\/v2\/users\/4"}],"replies":[{"embeddable":true,"href":"https:\/\/taldeka.org\/eu\/wp-json\/wp\/v2\/comments?post=48"}],"version-history":[{"count":25,"href":"https:\/\/taldeka.org\/eu\/wp-json\/wp\/v2\/pages\/48\/revisions"}],"predecessor-version":[{"id":1948,"href":"https:\/\/taldeka.org\/eu\/wp-json\/wp\/v2\/pages\/48\/revisions\/1948"}],"wp:attachment":[{"href":"https:\/\/taldeka.org\/eu\/wp-json\/wp\/v2\/media?parent=48"}],"curies":[{"name":"wp","href":"https:\/\/api.w.org\/{rel}","templated":true}]}}